{"id":403,"date":"2019-01-12T11:55:05","date_gmt":"2019-01-12T11:55:05","guid":{"rendered":"http:\/\/maisonmillefleurs.de\/?page_id=403"},"modified":"2019-04-05T20:23:31","modified_gmt":"2019-04-05T20:23:31","slug":"pflanzenverkauf","status":"publish","type":"page","link":"https:\/\/maisonmillefleurs.de\/?page_id=403","title":{"rendered":"Pflanzenverkauf"},"content":{"rendered":"\n<p>Liebe G\u00e4ste,<\/p>\n\n\n\n<p>wir stelle Ihnen gerne nach Ihren W\u00fcnschen ein Staudenpaket f\u00fcr Ihren Garten zusammen.<\/p>\n\n\n\n<p>Bitte teilen Sie uns vorab Ihre W\u00fcnsche mit.<\/p>\n\n\n\n<p>Gerne beraten wir Sie vor Ort in unserem Schaugarten.<\/p>\n\n\n\n<p>Preise auf Anfrage<\/p>\n","protected":false},"excerpt":{"rendered":"<p>Liebe G\u00e4ste, wir stelle Ihnen gerne nach Ihren W\u00fcnschen ein Staudenpaket f\u00fcr Ihren Garten zusammen. Bitte teilen Sie uns vorab Ihre W\u00fcnsche mit. Gerne beraten wir Sie vor Ort in unserem Schaugarten. Preise auf Anfrage<\/p>\n","protected":false},"author":1,"featured_media":0,"parent":0,"menu_order":0,"comment_status":"closed","ping_status":"closed","template":"","meta":{"footnotes":""},"_links":{"self":[{"href":"https:\/\/maisonmillefleurs.de\/index.php?rest_route=\/wp\/v2\/pages\/403"}],"collection":[{"href":"https:\/\/maisonmillefleurs.de\/index.php?rest_route=\/wp\/v2\/pages"}],"about":[{"href":"https:\/\/maisonmillefleurs.de\/index.php?rest_route=\/wp\/v2\/types\/page"}],"author":[{"embeddable":true,"href":"https:\/\/maisonmillefleurs.de\/index.php?rest_route=\/wp\/v2\/users\/1"}],"replies":[{"embeddable":true,"href":"https:\/\/maisonmillefleurs.de\/index.php?rest_route=%2Fwp%2Fv2%2Fcomments&post=403"}],"version-history":[{"count":2,"href":"https:\/\/maisonmillefleurs.de\/index.php?rest_route=\/wp\/v2\/pages\/403\/revisions"}],"predecessor-version":[{"id":407,"href":"https:\/\/maisonmillefleurs.de\/index.php?rest_route=\/wp\/v2\/pages\/403\/revisions\/407"}],"wp:attachment":[{"href":"https:\/\/maisonmillefleurs.de\/index.php?rest_route=%2Fwp%2Fv2%2Fmedia&parent=403"}],"curies":[{"name":"wp","href":"https:\/\/api.w.org\/{rel}","templated":true}]}}