{"id":34,"date":"2016-10-09T16:45:02","date_gmt":"2016-10-09T16:45:02","guid":{"rendered":"http:\/\/maisonmillefleurs.de\/?page_id=34"},"modified":"2019-04-05T20:22:46","modified_gmt":"2019-04-05T20:22:46","slug":"besonderes","status":"publish","type":"page","link":"https:\/\/maisonmillefleurs.de\/?page_id=34","title":{"rendered":"Besonderes"},"content":{"rendered":"<p><img loading=\"lazy\" decoding=\"async\" width=\"600\" height=\"400\" class=\"alignnone size-large wp-image-114\" alt=\"img_0424\" src=\"https:\/\/maisonmillefleurs.de\/wp-content\/uploads\/2016\/10\/IMG_0424-1024x683.jpg\" srcset=\"https:\/\/maisonmillefleurs.de\/wp-content\/uploads\/2016\/10\/IMG_0424-1024x683.jpg 1024w, https:\/\/maisonmillefleurs.de\/wp-content\/uploads\/2016\/10\/IMG_0424-300x200.jpg 300w, https:\/\/maisonmillefleurs.de\/wp-content\/uploads\/2016\/10\/IMG_0424-768x512.jpg 768w\" sizes=\"(max-width: 600px) 100vw, 600px\" \/><\/p>\n<p>In unserem Garten leben sehr gl\u00fcckliche H\u00fchner, auf dem Foto ist Ida zu sehen.<\/p>\n<p>Auf Wunsch k\u00f6nnen Sie f\u00fcr Ihr Fr\u00fchst\u00fcck frische Eier bei mir bestellen.<\/p>\n<p>&nbsp;<\/p>\n<p>Im Gem\u00fcsegarten gibt es fast rund ums Jahr etwas zu ernten, auch hier steht auf Nachfrage ein leckeres Angebot f\u00fcr Ihre Urlaubsk\u00fcche zur Verf\u00fcgung.<\/p>\n<p>Aus den zahlreichen geernteten Beeren koche ich frische Marmelade und &#8211; als besondere Leckerei zur Rosenbl\u00fcte &#8211; frisches Rosengelee. Wenn Sie&nbsp; Interesse haben, gerne auch mit Ihnen zusammen.<\/p>\n<p>&nbsp;<\/p>\n<p>Als leidenschaftliche G\u00e4rtnerin vermehre und ziehe ich viele Pflanzen selber. Wenn Sie eine Urlaubserinnerung in Ihren Garten oder auf Ihren Balkon mitnehmen m\u00f6chten, zeige ich Ihnen gerne, was aktuell im Angebot ist.<\/p>\n<p>&nbsp;<\/p>\n","protected":false},"excerpt":{"rendered":"<p>In unserem Garten leben sehr gl\u00fcckliche H\u00fchner, auf dem Foto ist Ida zu sehen. Auf Wunsch k\u00f6nnen Sie f\u00fcr Ihr Fr\u00fchst\u00fcck frische Eier bei mir bestellen. &nbsp; Im Gem\u00fcsegarten gibt es fast rund ums Jahr etwas zu ernten, auch hier steht auf Nachfrage ein leckeres Angebot f\u00fcr Ihre Urlaubsk\u00fcche zur Verf\u00fcgung. Aus den zahlreichen geernteten Beeren koche ich frische Marmelade und &#8211; als besondere Leckerei zur Rosenbl\u00fcte &#8211; frisches Rosengelee. Wenn Sie&nbsp; Interesse haben, gerne auch mit Ihnen zusammen. &nbsp; Als leidenschaftliche G\u00e4rtnerin vermehre und ziehe ich viele Pflanzen selber. Wenn Sie eine Urlaubserinnerung in Ihren Garten oder auf Ihren Balkon mitnehmen m\u00f6chten, zeige ich Ihnen gerne, was aktuell im Angebot ist. &nbsp;<\/p>\n","protected":false},"author":1,"featured_media":0,"parent":0,"menu_order":0,"comment_status":"closed","ping_status":"closed","template":"","meta":{"footnotes":""},"_links":{"self":[{"href":"https:\/\/maisonmillefleurs.de\/index.php?rest_route=\/wp\/v2\/pages\/34"}],"collection":[{"href":"https:\/\/maisonmillefleurs.de\/index.php?rest_route=\/wp\/v2\/pages"}],"about":[{"href":"https:\/\/maisonmillefleurs.de\/index.php?rest_route=\/wp\/v2\/types\/page"}],"author":[{"embeddable":true,"href":"https:\/\/maisonmillefleurs.de\/index.php?rest_route=\/wp\/v2\/users\/1"}],"replies":[{"embeddable":true,"href":"https:\/\/maisonmillefleurs.de\/index.php?rest_route=%2Fwp%2Fv2%2Fcomments&post=34"}],"version-history":[{"count":5,"href":"https:\/\/maisonmillefleurs.de\/index.php?rest_route=\/wp\/v2\/pages\/34\/revisions"}],"predecessor-version":[{"id":451,"href":"https:\/\/maisonmillefleurs.de\/index.php?rest_route=\/wp\/v2\/pages\/34\/revisions\/451"}],"wp:attachment":[{"href":"https:\/\/maisonmillefleurs.de\/index.php?rest_route=%2Fwp%2Fv2%2Fmedia&parent=34"}],"curies":[{"name":"wp","href":"https:\/\/api.w.org\/{rel}","templated":true}]}}